{"id":118,"date":"2019-03-22T20:22:15","date_gmt":"2019-03-22T19:22:15","guid":{"rendered":"http:\/\/fotostudio-karl.de\/blog\/?page_id=118"},"modified":"2024-01-31T10:35:39","modified_gmt":"2024-01-31T09:35:39","slug":"terminplanung","status":"publish","type":"page","link":"http:\/\/fotostudio-karl.de\/blog\/index.php\/terminplanung\/","title":{"rendered":"Terminplanung"},"content":{"rendered":"\n<figure class=\"wp-block-pullquote\"><blockquote><p>Wie du in 6 Schritten zum perfekten Fotoshooting kommst.<\/p><\/blockquote><\/figure>\n\n\n\n<div style=\"height:100px\" aria-hidden=\"true\" class=\"wp-block-spacer\"><\/div>\n\n\n\n<p class=\"has-medium-font-size\"><strong>1.) Die Idee\/der Anlass:<\/strong><\/p>\n\n\n\n<p class=\"has-medium-font-size\">Vielleicht kommst du ja schon mit einer Idee zu uns (Shooting in der Kiste, Karnevals-Shooting, Fotos von dir und dem neuen Motorrad&#8230;), oder es gibt einen Anlass (Omas Geburtstag, Kommunion, Hochzeit&#8230;). Oder du brauchst einfach mal wieder aktuelle Bilder von dir und deiner Familie. Dann ruf uns am besten an, wir finden schon was passendes. Sei es draussen auf der Apfelwiese, drinnen im Studio, oder in der Eisdiele, wir fotografieren dich an dem Ort, der dich am besten wieder gibt. <\/p>\n\n\n\n<hr class=\"wp-block-separator has-css-opacity\"\/>\n\n\n\n<p class=\"has-medium-font-size\"><strong>2.) Der Termin:<\/strong><\/p>\n\n\n\n<p class=\"has-medium-font-size\">Sobald die Grundidee steht, gehts an die Terminplanung. Wenn ihr mehrere seid solltet ihr euch einen Wunschtermin und mindestens eine Alternative \u00fcberlegen, bevor du anrufst, falls der Wunschtermin schon vergeben ist.<\/p>\n\n\n\n<p class=\"has-medium-font-size\">\u00dcberleg&#8216; dir gut was du am ende f\u00fcr Bilder brauchst und vor allem wie viel unterschiedliche. Es macht keinen Sinn ein XXL Shooting f\u00fcr ein Foto f\u00fcr die Wand zu buchen. Allerdings sollte man f\u00fcr einen Kalender oder ein Album  eine gr\u00f6\u00dfere Auswahl haben. Wenn ihr zum Familienfoto kommt m\u00f6chte vielleicht ja auch jede Teilfamilie ein Bild, und die Enkel, und die Kinder, und noch die Oma allein&#8230;<\/p>\n\n\n\n<p class=\"has-medium-font-size\">Solltest du dir unsicher sein k\u00f6nnen wir das bei der Termin-\/Zeitplanung gerne besprechen.<\/p>\n\n\n\n<p class=\"has-medium-font-size\">Du erreichst uns Mo-Fr 9.00 &#8211; 18.00 Uhr unter der 06431-52411. <\/p>\n\n\n\n<p class=\"has-medium-font-size\">Selbstverst\u00e4ndlich fotografieren wir dich aber auch am Wochenende.<\/p>\n\n\n\n<hr class=\"wp-block-separator has-css-opacity\"\/>\n\n\n\n<p class=\"has-medium-font-size\"><strong>3.) Vorbereitung:<\/strong><\/p>\n\n\n\n<p class=\"has-medium-font-size\">Bei manchen Shootings ist es ratsam sich gut vorzubereiten. <br><\/p>\n\n\n\n<p class=\"has-medium-font-size\">Als Familie solltet ihr eure Outfits aufeinander abstimmen. Das heisst nicht, dass ihr alle im Partnerlook kommen sollt. Sprecht \u00fcber eine Farbpalette, damit nicht alle in Pastellt\u00f6nen erscheinen und einer im roten Pullover (der muss n\u00e4mlich dann immer in die Mitte). <\/p>\n\n\n\n<p class=\"has-medium-font-size\">Auch kann ein Friseur\/Kosmetiktermin vor dem Shooting (besonders beim Beautyshooting und Einzelfotos) sinnvoll sein.<\/p>\n\n\n\n<p class=\"has-medium-font-size\">Plane dein Outfit\/Acessoires gut und bring dir, wenn du unsicher bist, lieber noch was mit.<\/p>\n\n\n\n<hr class=\"wp-block-separator has-css-opacity\"\/>\n\n\n\n<p class=\"has-medium-font-size\"><strong>4.) Das Fotoshooting:<\/strong><\/p>\n\n\n\n<p class=\"has-medium-font-size\">Plane den Tag mit Puffer und stress-frei. Gerde bei Beauty und Dessous-Shootings braucht man Mu\u00dfe und sollte diese nicht hinter einen stressigen Arbeitstag oder zwischen den Wochenendeinkauf legen. Nimm dir Zeit und geniesse es, dann bist du entspannt und siehst gut aus.<\/p>\n\n\n\n<hr class=\"wp-block-separator has-css-opacity\"\/>\n\n\n\n<p class=\"has-medium-font-size\"><strong>5.) Bildbestellung:<\/strong><\/p>\n\n\n\n<p class=\"has-medium-font-size\">Einige Tage nach unserem Termin laden wir deine Bilder, ausgesucht und unbearbeitet, in eine Onlinegalerie, damit du bequem von zuhause deine Fotos und Daten bestellen kannst. Die Onlinegalerie rechnet dir bequem den Endbetrag aus, und du kannst w\u00e4hlen ob du die Fotos gesendet haben, oder sie in einem der beiden Studios abholen m\u00f6chtest.<\/p>\n\n\n\n<hr class=\"wp-block-separator has-css-opacity\"\/>\n\n\n\n<p class=\"has-medium-font-size\"><strong>6.) Fotofinishing:<\/strong><\/p>\n\n\n\n<p class=\"has-medium-font-size\">Dann machen wir uns an die Arbeit und retuschieren deine Bilder liebevoll, printen deine bestellten Fotoabz\u00fcge auf echtem Fotopapier und brennen deine bestellten Daten auf DVD oder speichern sie auf USB-Stick. Alles wird mit Liebe eingepackt und liegt zu vereinbarten Zeitpunkt f\u00fcr dich bereit oder geht in die Post wenn du \u00fcberwiesen hast.<\/p>\n\n\n\n<hr class=\"wp-block-separator has-css-opacity\"\/>\n\n\n\n<p class=\"has-medium-font-size\">Und w\u00e4hrend du dich \u00fcber deine neuen Fotos freust, freuen wir uns schon auf unser n\u00e4chstes Shooting mit dir. <\/p>\n<p><a href=\"\/\/www.pinterest.com\/pin\/create\/button\/\" data-pin-do=\"buttonBookmark\" data-pin-color=\"red\" data-pin-height=\"128\"><img decoding=\"async\" src=\"\/\/assets.pinterest.com\/images\/pidgets\/pinit_fg_en_rect_red_28.png\" \/><\/a><\/p>","protected":false},"excerpt":{"rendered":"<p>Wie du in 6 Schritten zum perfekten Fotoshooting kommst. 1.) Die Idee\/der Anlass: Vielleicht kommst du ja schon mit einer Idee zu uns (Shooting in der Kiste, Karnevals-Shooting, Fotos von dir und dem neuen Motorrad&#8230;), oder es gibt einen Anlass (Omas Geburtstag, Kommunion, Hochzeit&#8230;). Oder du brauchst einfach mal wieder aktuelle Bilder von dir und&#8230;<\/p>\n","protected":false},"author":1,"featured_media":0,"parent":0,"menu_order":0,"comment_status":"closed","ping_status":"closed","template":"","meta":{"ngg_post_thumbnail":0,"footnotes":""},"class_list":["post-118","page","type-page","status-publish","hentry"],"yoast_head":"<!-- This site is optimized with the Yoast SEO plugin v21.9.1 - https:\/\/yoast.com\/wordpress\/plugins\/seo\/ -->\n<title>Terminplanung - fotostudio karl<\/title>\n<meta name=\"description\" content=\"Euer Foto-Allrounder in Limburg an der Lahn. Ihr findet uns auf Hochzeiten, Abi-B\u00e4llen, in Kinderg\u00e4rten und Schulen, Tanzschulen, im Portraitstudio oder auf der Apfelwiese, im Passbildstudio in Limburg in der Grabenstrasse, im Portraitstudio in Offheim und an der Location eurer Wahl. Wir bringen euch unsere Fotobox mit Spa\u00dfgarantie, oder fotografieren euer Produkt, Firma, Ger\u00e4t oder Auto vor Ort oder im gro\u00dfen Werbestudio in Offheim.\" \/>\n<meta name=\"robots\" content=\"index, follow, max-snippet:-1, max-image-preview:large, max-video-preview:-1\" \/>\n<link rel=\"canonical\" href=\"http:\/\/fotostudio-karl.de\/blog\/index.php\/terminplanung\/\" \/>\n<meta property=\"og:locale\" content=\"de_DE\" \/>\n<meta property=\"og:type\" content=\"article\" \/>\n<meta property=\"og:title\" content=\"Terminplanung - fotostudio karl\" \/>\n<meta property=\"og:description\" content=\"Euer Foto-Allrounder in Limburg an der Lahn. Ihr findet uns auf Hochzeiten, Abi-B\u00e4llen, in Kinderg\u00e4rten und Schulen, Tanzschulen, im Portraitstudio oder auf der Apfelwiese, im Passbildstudio in Limburg in der Grabenstrasse, im Portraitstudio in Offheim und an der Location eurer Wahl. Wir bringen euch unsere Fotobox mit Spa\u00dfgarantie, oder fotografieren euer Produkt, Firma, Ger\u00e4t oder Auto vor Ort oder im gro\u00dfen Werbestudio in Offheim.\" \/>\n<meta property=\"og:url\" content=\"http:\/\/fotostudio-karl.de\/blog\/index.php\/terminplanung\/\" \/>\n<meta property=\"og:site_name\" content=\"fotostudio karl\" \/>\n<meta property=\"article:publisher\" content=\"https:\/\/www.facebook.com\/Fotostudio-Karl-GmbH-100206283391338\/\" \/>\n<meta property=\"article:modified_time\" content=\"2024-01-31T09:35:39+00:00\" \/>\n<meta name=\"twitter:card\" content=\"summary_large_image\" \/>\n<meta name=\"twitter:label1\" content=\"Gesch\u00e4tzte Lesezeit\" \/>\n\t<meta name=\"twitter:data1\" content=\"3\u00a0Minuten\" \/>\n<script type=\"application\/ld+json\" class=\"yoast-schema-graph\">{\"@context\":\"https:\/\/schema.org\",\"@graph\":[{\"@type\":\"WebPage\",\"@id\":\"http:\/\/fotostudio-karl.de\/blog\/index.php\/terminplanung\/\",\"url\":\"http:\/\/fotostudio-karl.de\/blog\/index.php\/terminplanung\/\",\"name\":\"Terminplanung - fotostudio karl\",\"isPartOf\":{\"@id\":\"http:\/\/fotostudio-karl.de\/blog\/#website\"},\"datePublished\":\"2019-03-22T19:22:15+00:00\",\"dateModified\":\"2024-01-31T09:35:39+00:00\",\"description\":\"Euer Foto-Allrounder in Limburg an der Lahn. Ihr findet uns auf Hochzeiten, Abi-B\u00e4llen, in Kinderg\u00e4rten und Schulen, Tanzschulen, im Portraitstudio oder auf der Apfelwiese, im Passbildstudio in Limburg in der Grabenstrasse, im Portraitstudio in Offheim und an der Location eurer Wahl. Wir bringen euch unsere Fotobox mit Spa\u00dfgarantie, oder fotografieren euer Produkt, Firma, Ger\u00e4t oder Auto vor Ort oder im gro\u00dfen Werbestudio in Offheim.\",\"breadcrumb\":{\"@id\":\"http:\/\/fotostudio-karl.de\/blog\/index.php\/terminplanung\/#breadcrumb\"},\"inLanguage\":\"de\",\"potentialAction\":[{\"@type\":\"ReadAction\",\"target\":[\"http:\/\/fotostudio-karl.de\/blog\/index.php\/terminplanung\/\"]}]},{\"@type\":\"BreadcrumbList\",\"@id\":\"http:\/\/fotostudio-karl.de\/blog\/index.php\/terminplanung\/#breadcrumb\",\"itemListElement\":[{\"@type\":\"ListItem\",\"position\":1,\"name\":\"Startseite\",\"item\":\"http:\/\/fotostudio-karl.de\/blog\/\"},{\"@type\":\"ListItem\",\"position\":2,\"name\":\"Terminplanung\"}]},{\"@type\":\"WebSite\",\"@id\":\"http:\/\/fotostudio-karl.de\/blog\/#website\",\"url\":\"http:\/\/fotostudio-karl.de\/blog\/\",\"name\":\"fotostudio karl\",\"description\":\"Limburgs Foto-Allrounder\",\"publisher\":{\"@id\":\"http:\/\/fotostudio-karl.de\/blog\/#organization\"},\"potentialAction\":[{\"@type\":\"SearchAction\",\"target\":{\"@type\":\"EntryPoint\",\"urlTemplate\":\"http:\/\/fotostudio-karl.de\/blog\/?s={search_term_string}\"},\"query-input\":\"required name=search_term_string\"}],\"inLanguage\":\"de\"},{\"@type\":\"Organization\",\"@id\":\"http:\/\/fotostudio-karl.de\/blog\/#organization\",\"name\":\"fotostudio karl GmbH\",\"url\":\"http:\/\/fotostudio-karl.de\/blog\/\",\"logo\":{\"@type\":\"ImageObject\",\"inLanguage\":\"de\",\"@id\":\"http:\/\/fotostudio-karl.de\/blog\/#\/schema\/logo\/image\/\",\"url\":\"http:\/\/fotostudio-karl.de\/blog\/wp-content\/uploads\/2019\/03\/fotostudio-karl.gif\",\"contentUrl\":\"http:\/\/fotostudio-karl.de\/blog\/wp-content\/uploads\/2019\/03\/fotostudio-karl.gif\",\"width\":791,\"height\":791,\"caption\":\"fotostudio karl GmbH\"},\"image\":{\"@id\":\"http:\/\/fotostudio-karl.de\/blog\/#\/schema\/logo\/image\/\"},\"sameAs\":[\"https:\/\/www.facebook.com\/Fotostudio-Karl-GmbH-100206283391338\/\",\"https:\/\/www.instagram.com\/fotostudio_karl\/\"]}]}<\/script>\n<!-- \/ Yoast SEO plugin. -->","yoast_head_json":{"title":"Terminplanung - fotostudio karl","description":"Euer Foto-Allrounder in Limburg an der Lahn. Ihr findet uns auf Hochzeiten, Abi-B\u00e4llen, in Kinderg\u00e4rten und Schulen, Tanzschulen, im Portraitstudio oder auf der Apfelwiese, im Passbildstudio in Limburg in der Grabenstrasse, im Portraitstudio in Offheim und an der Location eurer Wahl. Wir bringen euch unsere Fotobox mit Spa\u00dfgarantie, oder fotografieren euer Produkt, Firma, Ger\u00e4t oder Auto vor Ort oder im gro\u00dfen Werbestudio in Offheim.","robots":{"index":"index","follow":"follow","max-snippet":"max-snippet:-1","max-image-preview":"max-image-preview:large","max-video-preview":"max-video-preview:-1"},"canonical":"http:\/\/fotostudio-karl.de\/blog\/index.php\/terminplanung\/","og_locale":"de_DE","og_type":"article","og_title":"Terminplanung - fotostudio karl","og_description":"Euer Foto-Allrounder in Limburg an der Lahn. Ihr findet uns auf Hochzeiten, Abi-B\u00e4llen, in Kinderg\u00e4rten und Schulen, Tanzschulen, im Portraitstudio oder auf der Apfelwiese, im Passbildstudio in Limburg in der Grabenstrasse, im Portraitstudio in Offheim und an der Location eurer Wahl. Wir bringen euch unsere Fotobox mit Spa\u00dfgarantie, oder fotografieren euer Produkt, Firma, Ger\u00e4t oder Auto vor Ort oder im gro\u00dfen Werbestudio in Offheim.","og_url":"http:\/\/fotostudio-karl.de\/blog\/index.php\/terminplanung\/","og_site_name":"fotostudio karl","article_publisher":"https:\/\/www.facebook.com\/Fotostudio-Karl-GmbH-100206283391338\/","article_modified_time":"2024-01-31T09:35:39+00:00","twitter_card":"summary_large_image","twitter_misc":{"Gesch\u00e4tzte Lesezeit":"3\u00a0Minuten"},"schema":{"@context":"https:\/\/schema.org","@graph":[{"@type":"WebPage","@id":"http:\/\/fotostudio-karl.de\/blog\/index.php\/terminplanung\/","url":"http:\/\/fotostudio-karl.de\/blog\/index.php\/terminplanung\/","name":"Terminplanung - fotostudio karl","isPartOf":{"@id":"http:\/\/fotostudio-karl.de\/blog\/#website"},"datePublished":"2019-03-22T19:22:15+00:00","dateModified":"2024-01-31T09:35:39+00:00","description":"Euer Foto-Allrounder in Limburg an der Lahn. Ihr findet uns auf Hochzeiten, Abi-B\u00e4llen, in Kinderg\u00e4rten und Schulen, Tanzschulen, im Portraitstudio oder auf der Apfelwiese, im Passbildstudio in Limburg in der Grabenstrasse, im Portraitstudio in Offheim und an der Location eurer Wahl. Wir bringen euch unsere Fotobox mit Spa\u00dfgarantie, oder fotografieren euer Produkt, Firma, Ger\u00e4t oder Auto vor Ort oder im gro\u00dfen Werbestudio in Offheim.","breadcrumb":{"@id":"http:\/\/fotostudio-karl.de\/blog\/index.php\/terminplanung\/#breadcrumb"},"inLanguage":"de","potentialAction":[{"@type":"ReadAction","target":["http:\/\/fotostudio-karl.de\/blog\/index.php\/terminplanung\/"]}]},{"@type":"BreadcrumbList","@id":"http:\/\/fotostudio-karl.de\/blog\/index.php\/terminplanung\/#breadcrumb","itemListElement":[{"@type":"ListItem","position":1,"name":"Startseite","item":"http:\/\/fotostudio-karl.de\/blog\/"},{"@type":"ListItem","position":2,"name":"Terminplanung"}]},{"@type":"WebSite","@id":"http:\/\/fotostudio-karl.de\/blog\/#website","url":"http:\/\/fotostudio-karl.de\/blog\/","name":"fotostudio karl","description":"Limburgs Foto-Allrounder","publisher":{"@id":"http:\/\/fotostudio-karl.de\/blog\/#organization"},"potentialAction":[{"@type":"SearchAction","target":{"@type":"EntryPoint","urlTemplate":"http:\/\/fotostudio-karl.de\/blog\/?s={search_term_string}"},"query-input":"required name=search_term_string"}],"inLanguage":"de"},{"@type":"Organization","@id":"http:\/\/fotostudio-karl.de\/blog\/#organization","name":"fotostudio karl GmbH","url":"http:\/\/fotostudio-karl.de\/blog\/","logo":{"@type":"ImageObject","inLanguage":"de","@id":"http:\/\/fotostudio-karl.de\/blog\/#\/schema\/logo\/image\/","url":"http:\/\/fotostudio-karl.de\/blog\/wp-content\/uploads\/2019\/03\/fotostudio-karl.gif","contentUrl":"http:\/\/fotostudio-karl.de\/blog\/wp-content\/uploads\/2019\/03\/fotostudio-karl.gif","width":791,"height":791,"caption":"fotostudio karl GmbH"},"image":{"@id":"http:\/\/fotostudio-karl.de\/blog\/#\/schema\/logo\/image\/"},"sameAs":["https:\/\/www.facebook.com\/Fotostudio-Karl-GmbH-100206283391338\/","https:\/\/www.instagram.com\/fotostudio_karl\/"]}]}},"_links":{"self":[{"href":"http:\/\/fotostudio-karl.de\/blog\/index.php\/wp-json\/wp\/v2\/pages\/118","targetHints":{"allow":["GET"]}}],"collection":[{"href":"http:\/\/fotostudio-karl.de\/blog\/index.php\/wp-json\/wp\/v2\/pages"}],"about":[{"href":"http:\/\/fotostudio-karl.de\/blog\/index.php\/wp-json\/wp\/v2\/types\/page"}],"author":[{"embeddable":true,"href":"http:\/\/fotostudio-karl.de\/blog\/index.php\/wp-json\/wp\/v2\/users\/1"}],"replies":[{"embeddable":true,"href":"http:\/\/fotostudio-karl.de\/blog\/index.php\/wp-json\/wp\/v2\/comments?post=118"}],"version-history":[{"count":11,"href":"http:\/\/fotostudio-karl.de\/blog\/index.php\/wp-json\/wp\/v2\/pages\/118\/revisions"}],"predecessor-version":[{"id":1806,"href":"http:\/\/fotostudio-karl.de\/blog\/index.php\/wp-json\/wp\/v2\/pages\/118\/revisions\/1806"}],"wp:attachment":[{"href":"http:\/\/fotostudio-karl.de\/blog\/index.php\/wp-json\/wp\/v2\/media?parent=118"}],"curies":[{"name":"wp","href":"https:\/\/api.w.org\/{rel}","templated":true}]}}