{"id":112,"date":"2019-03-22T20:20:13","date_gmt":"2019-03-22T19:20:13","guid":{"rendered":"http:\/\/fotostudio-karl.de\/blog\/?page_id=112"},"modified":"2024-10-31T11:11:45","modified_gmt":"2024-10-31T10:11:45","slug":"studio-limburg","status":"publish","type":"page","link":"http:\/\/fotostudio-karl.de\/blog\/index.php\/studio-limburg\/","title":{"rendered":"Studio Limburg"},"content":{"rendered":"<div class=\"wp-block-image\">\n<figure class=\"aligncenter size-large\"><img loading=\"lazy\" decoding=\"async\" width=\"1024\" height=\"768\" src=\"http:\/\/fotostudio-karl.de\/blog\/wp-content\/uploads\/2024\/10\/IMG_7041-1024x768.jpg\" alt=\"\" class=\"wp-image-1844\" srcset=\"http:\/\/fotostudio-karl.de\/blog\/wp-content\/uploads\/2024\/10\/IMG_7041-1024x768.jpg 1024w, http:\/\/fotostudio-karl.de\/blog\/wp-content\/uploads\/2024\/10\/IMG_7041-300x225.jpg 300w, http:\/\/fotostudio-karl.de\/blog\/wp-content\/uploads\/2024\/10\/IMG_7041-768x576.jpg 768w, http:\/\/fotostudio-karl.de\/blog\/wp-content\/uploads\/2024\/10\/IMG_7041-1536x1152.jpg 1536w, http:\/\/fotostudio-karl.de\/blog\/wp-content\/uploads\/2024\/10\/IMG_7041-2048x1536.jpg 2048w\" sizes=\"auto, (max-width: 1024px) 100vw, 1024px\" \/><\/figure>\n<\/div>\n\n\n<p class=\"has-text-color\" style=\"color:#888888\"><\/p>\n\n\n\n<p class=\"has-medium-font-size\">Fachgesch\u00e4ft f\u00fcr Pass- und Bewerbungsbilder, Multis,  Schnell-Portrait, Rahmen, Alben, Bilderservice, Bild vom Bild, Fotoretusche, Film- Digitalisierung und vieles mehr. <\/p>\n\n\n\n<p class=\"has-medium-font-size\">Grabenstr.\/Ecke Diezer Str.  <\/p>\n\n\n\n<p class=\"has-medium-font-size\">Telefon: 06431\/27882 <\/p>\n\n\n\n<p class=\"has-medium-font-size\">Mo-Fr 9.00-18.00 Uhr<\/p>\n\n\n\n<p class=\"has-medium-font-size\">Sa 9.00-14.00 Uhr<\/p>\n\n\n<div class=\"wp-block-image\">\n<figure class=\"aligncenter size-large\"><img loading=\"lazy\" decoding=\"async\" width=\"1024\" height=\"768\" src=\"http:\/\/fotostudio-karl.de\/blog\/wp-content\/uploads\/2024\/10\/IMG_7046-1024x768.jpg\" alt=\"\" class=\"wp-image-1845\" srcset=\"http:\/\/fotostudio-karl.de\/blog\/wp-content\/uploads\/2024\/10\/IMG_7046-1024x768.jpg 1024w, http:\/\/fotostudio-karl.de\/blog\/wp-content\/uploads\/2024\/10\/IMG_7046-300x225.jpg 300w, http:\/\/fotostudio-karl.de\/blog\/wp-content\/uploads\/2024\/10\/IMG_7046-768x576.jpg 768w, http:\/\/fotostudio-karl.de\/blog\/wp-content\/uploads\/2024\/10\/IMG_7046-1536x1152.jpg 1536w, http:\/\/fotostudio-karl.de\/blog\/wp-content\/uploads\/2024\/10\/IMG_7046-2048x1536.jpg 2048w\" sizes=\"auto, (max-width: 1024px) 100vw, 1024px\" \/><\/figure>\n<\/div>\n\n\n<p class=\"has-white-color has-text-color has-link-color wp-elements-4a2b5186dd6d59f3a6df4d02a681b6a2\"><a href=\"http:\/\/fotostudio-karl.de\/blog\/index.php\/fotobox\/\">Hier geht&#8217;s zu unserer Fotobox mit Spa\u00dfgarantie<\/a>. <\/p>\n<p><a href=\"\/\/www.pinterest.com\/pin\/create\/button\/\" data-pin-do=\"buttonBookmark\" data-pin-color=\"red\" data-pin-height=\"128\"><img decoding=\"async\" src=\"\/\/assets.pinterest.com\/images\/pidgets\/pinit_fg_en_rect_red_28.png\" \/><\/a><\/p>","protected":false},"excerpt":{"rendered":"<p>Fachgesch\u00e4ft f\u00fcr Pass- und Bewerbungsbilder, Multis, Schnell-Portrait, Rahmen, Alben, Bilderservice, Bild vom Bild, Fotoretusche, Film- Digitalisierung und vieles mehr. Grabenstr.\/Ecke Diezer Str. Telefon: 06431\/27882 Mo-Fr 9.00-18.00 Uhr Sa 9.00-14.00 Uhr Hier geht&#8217;s zu unserer Fotobox mit Spa\u00dfgarantie.<\/p>\n","protected":false},"author":1,"featured_media":0,"parent":0,"menu_order":0,"comment_status":"closed","ping_status":"closed","template":"","meta":{"ngg_post_thumbnail":0,"footnotes":""},"class_list":["post-112","page","type-page","status-publish","hentry"],"yoast_head":"<!-- This site is optimized with the Yoast SEO plugin v21.9.1 - https:\/\/yoast.com\/wordpress\/plugins\/seo\/ -->\n<title>Studio Limburg - fotostudio karl<\/title>\n<meta name=\"description\" content=\"Euer Foto-Allrounder in Limburg an der Lahn. Ihr findet uns auf Hochzeiten, Abi-B\u00e4llen, in Kinderg\u00e4rten und Schulen, Tanzschulen, im Portraitstudio oder auf der Apfelwiese, im Passbildstudio in Limburg in der Grabenstrasse, im Portraitstudio in Offheim und an der Location eurer Wahl. Wir bringen euch unsere Fotobox mit Spa\u00dfgarantie, oder fotografieren euer Produkt, Firma, Ger\u00e4t oder Auto vor Ort oder im gro\u00dfen Werbestudio in Offheim.\" \/>\n<meta name=\"robots\" content=\"index, follow, max-snippet:-1, max-image-preview:large, max-video-preview:-1\" \/>\n<link rel=\"canonical\" href=\"http:\/\/fotostudio-karl.de\/blog\/index.php\/studio-limburg\/\" \/>\n<meta property=\"og:locale\" content=\"de_DE\" \/>\n<meta property=\"og:type\" content=\"article\" \/>\n<meta property=\"og:title\" content=\"Studio Limburg - fotostudio karl\" \/>\n<meta property=\"og:description\" content=\"Euer Foto-Allrounder in Limburg an der Lahn. Ihr findet uns auf Hochzeiten, Abi-B\u00e4llen, in Kinderg\u00e4rten und Schulen, Tanzschulen, im Portraitstudio oder auf der Apfelwiese, im Passbildstudio in Limburg in der Grabenstrasse, im Portraitstudio in Offheim und an der Location eurer Wahl. Wir bringen euch unsere Fotobox mit Spa\u00dfgarantie, oder fotografieren euer Produkt, Firma, Ger\u00e4t oder Auto vor Ort oder im gro\u00dfen Werbestudio in Offheim.\" \/>\n<meta property=\"og:url\" content=\"http:\/\/fotostudio-karl.de\/blog\/index.php\/studio-limburg\/\" \/>\n<meta property=\"og:site_name\" content=\"fotostudio karl\" \/>\n<meta property=\"article:publisher\" content=\"https:\/\/www.facebook.com\/Fotostudio-Karl-GmbH-100206283391338\/\" \/>\n<meta property=\"article:modified_time\" content=\"2024-10-31T10:11:45+00:00\" \/>\n<meta property=\"og:image\" content=\"http:\/\/fotostudio-karl.de\/blog\/wp-content\/uploads\/2024\/10\/IMG_7041-1024x768.jpg\" \/>\n<meta name=\"twitter:card\" content=\"summary_large_image\" \/>\n<meta name=\"twitter:label1\" content=\"Gesch\u00e4tzte Lesezeit\" \/>\n\t<meta name=\"twitter:data1\" content=\"1\u00a0Minute\" \/>\n<script type=\"application\/ld+json\" class=\"yoast-schema-graph\">{\"@context\":\"https:\/\/schema.org\",\"@graph\":[{\"@type\":\"WebPage\",\"@id\":\"http:\/\/fotostudio-karl.de\/blog\/index.php\/studio-limburg\/\",\"url\":\"http:\/\/fotostudio-karl.de\/blog\/index.php\/studio-limburg\/\",\"name\":\"Studio Limburg - fotostudio karl\",\"isPartOf\":{\"@id\":\"http:\/\/fotostudio-karl.de\/blog\/#website\"},\"datePublished\":\"2019-03-22T19:20:13+00:00\",\"dateModified\":\"2024-10-31T10:11:45+00:00\",\"description\":\"Euer Foto-Allrounder in Limburg an der Lahn. Ihr findet uns auf Hochzeiten, Abi-B\u00e4llen, in Kinderg\u00e4rten und Schulen, Tanzschulen, im Portraitstudio oder auf der Apfelwiese, im Passbildstudio in Limburg in der Grabenstrasse, im Portraitstudio in Offheim und an der Location eurer Wahl. Wir bringen euch unsere Fotobox mit Spa\u00dfgarantie, oder fotografieren euer Produkt, Firma, Ger\u00e4t oder Auto vor Ort oder im gro\u00dfen Werbestudio in Offheim.\",\"breadcrumb\":{\"@id\":\"http:\/\/fotostudio-karl.de\/blog\/index.php\/studio-limburg\/#breadcrumb\"},\"inLanguage\":\"de\",\"potentialAction\":[{\"@type\":\"ReadAction\",\"target\":[\"http:\/\/fotostudio-karl.de\/blog\/index.php\/studio-limburg\/\"]}]},{\"@type\":\"BreadcrumbList\",\"@id\":\"http:\/\/fotostudio-karl.de\/blog\/index.php\/studio-limburg\/#breadcrumb\",\"itemListElement\":[{\"@type\":\"ListItem\",\"position\":1,\"name\":\"Startseite\",\"item\":\"http:\/\/fotostudio-karl.de\/blog\/\"},{\"@type\":\"ListItem\",\"position\":2,\"name\":\"Studio Limburg\"}]},{\"@type\":\"WebSite\",\"@id\":\"http:\/\/fotostudio-karl.de\/blog\/#website\",\"url\":\"http:\/\/fotostudio-karl.de\/blog\/\",\"name\":\"fotostudio karl\",\"description\":\"Limburgs Foto-Allrounder\",\"publisher\":{\"@id\":\"http:\/\/fotostudio-karl.de\/blog\/#organization\"},\"potentialAction\":[{\"@type\":\"SearchAction\",\"target\":{\"@type\":\"EntryPoint\",\"urlTemplate\":\"http:\/\/fotostudio-karl.de\/blog\/?s={search_term_string}\"},\"query-input\":\"required name=search_term_string\"}],\"inLanguage\":\"de\"},{\"@type\":\"Organization\",\"@id\":\"http:\/\/fotostudio-karl.de\/blog\/#organization\",\"name\":\"fotostudio karl GmbH\",\"url\":\"http:\/\/fotostudio-karl.de\/blog\/\",\"logo\":{\"@type\":\"ImageObject\",\"inLanguage\":\"de\",\"@id\":\"http:\/\/fotostudio-karl.de\/blog\/#\/schema\/logo\/image\/\",\"url\":\"http:\/\/fotostudio-karl.de\/blog\/wp-content\/uploads\/2019\/03\/fotostudio-karl.gif\",\"contentUrl\":\"http:\/\/fotostudio-karl.de\/blog\/wp-content\/uploads\/2019\/03\/fotostudio-karl.gif\",\"width\":791,\"height\":791,\"caption\":\"fotostudio karl GmbH\"},\"image\":{\"@id\":\"http:\/\/fotostudio-karl.de\/blog\/#\/schema\/logo\/image\/\"},\"sameAs\":[\"https:\/\/www.facebook.com\/Fotostudio-Karl-GmbH-100206283391338\/\",\"https:\/\/www.instagram.com\/fotostudio_karl\/\"]}]}<\/script>\n<!-- \/ Yoast SEO plugin. -->","yoast_head_json":{"title":"Studio Limburg - fotostudio karl","description":"Euer Foto-Allrounder in Limburg an der Lahn. Ihr findet uns auf Hochzeiten, Abi-B\u00e4llen, in Kinderg\u00e4rten und Schulen, Tanzschulen, im Portraitstudio oder auf der Apfelwiese, im Passbildstudio in Limburg in der Grabenstrasse, im Portraitstudio in Offheim und an der Location eurer Wahl. Wir bringen euch unsere Fotobox mit Spa\u00dfgarantie, oder fotografieren euer Produkt, Firma, Ger\u00e4t oder Auto vor Ort oder im gro\u00dfen Werbestudio in Offheim.","robots":{"index":"index","follow":"follow","max-snippet":"max-snippet:-1","max-image-preview":"max-image-preview:large","max-video-preview":"max-video-preview:-1"},"canonical":"http:\/\/fotostudio-karl.de\/blog\/index.php\/studio-limburg\/","og_locale":"de_DE","og_type":"article","og_title":"Studio Limburg - fotostudio karl","og_description":"Euer Foto-Allrounder in Limburg an der Lahn. Ihr findet uns auf Hochzeiten, Abi-B\u00e4llen, in Kinderg\u00e4rten und Schulen, Tanzschulen, im Portraitstudio oder auf der Apfelwiese, im Passbildstudio in Limburg in der Grabenstrasse, im Portraitstudio in Offheim und an der Location eurer Wahl. Wir bringen euch unsere Fotobox mit Spa\u00dfgarantie, oder fotografieren euer Produkt, Firma, Ger\u00e4t oder Auto vor Ort oder im gro\u00dfen Werbestudio in Offheim.","og_url":"http:\/\/fotostudio-karl.de\/blog\/index.php\/studio-limburg\/","og_site_name":"fotostudio karl","article_publisher":"https:\/\/www.facebook.com\/Fotostudio-Karl-GmbH-100206283391338\/","article_modified_time":"2024-10-31T10:11:45+00:00","og_image":[{"url":"http:\/\/fotostudio-karl.de\/blog\/wp-content\/uploads\/2024\/10\/IMG_7041-1024x768.jpg"}],"twitter_card":"summary_large_image","twitter_misc":{"Gesch\u00e4tzte Lesezeit":"1\u00a0Minute"},"schema":{"@context":"https:\/\/schema.org","@graph":[{"@type":"WebPage","@id":"http:\/\/fotostudio-karl.de\/blog\/index.php\/studio-limburg\/","url":"http:\/\/fotostudio-karl.de\/blog\/index.php\/studio-limburg\/","name":"Studio Limburg - fotostudio karl","isPartOf":{"@id":"http:\/\/fotostudio-karl.de\/blog\/#website"},"datePublished":"2019-03-22T19:20:13+00:00","dateModified":"2024-10-31T10:11:45+00:00","description":"Euer Foto-Allrounder in Limburg an der Lahn. Ihr findet uns auf Hochzeiten, Abi-B\u00e4llen, in Kinderg\u00e4rten und Schulen, Tanzschulen, im Portraitstudio oder auf der Apfelwiese, im Passbildstudio in Limburg in der Grabenstrasse, im Portraitstudio in Offheim und an der Location eurer Wahl. Wir bringen euch unsere Fotobox mit Spa\u00dfgarantie, oder fotografieren euer Produkt, Firma, Ger\u00e4t oder Auto vor Ort oder im gro\u00dfen Werbestudio in Offheim.","breadcrumb":{"@id":"http:\/\/fotostudio-karl.de\/blog\/index.php\/studio-limburg\/#breadcrumb"},"inLanguage":"de","potentialAction":[{"@type":"ReadAction","target":["http:\/\/fotostudio-karl.de\/blog\/index.php\/studio-limburg\/"]}]},{"@type":"BreadcrumbList","@id":"http:\/\/fotostudio-karl.de\/blog\/index.php\/studio-limburg\/#breadcrumb","itemListElement":[{"@type":"ListItem","position":1,"name":"Startseite","item":"http:\/\/fotostudio-karl.de\/blog\/"},{"@type":"ListItem","position":2,"name":"Studio Limburg"}]},{"@type":"WebSite","@id":"http:\/\/fotostudio-karl.de\/blog\/#website","url":"http:\/\/fotostudio-karl.de\/blog\/","name":"fotostudio karl","description":"Limburgs Foto-Allrounder","publisher":{"@id":"http:\/\/fotostudio-karl.de\/blog\/#organization"},"potentialAction":[{"@type":"SearchAction","target":{"@type":"EntryPoint","urlTemplate":"http:\/\/fotostudio-karl.de\/blog\/?s={search_term_string}"},"query-input":"required name=search_term_string"}],"inLanguage":"de"},{"@type":"Organization","@id":"http:\/\/fotostudio-karl.de\/blog\/#organization","name":"fotostudio karl GmbH","url":"http:\/\/fotostudio-karl.de\/blog\/","logo":{"@type":"ImageObject","inLanguage":"de","@id":"http:\/\/fotostudio-karl.de\/blog\/#\/schema\/logo\/image\/","url":"http:\/\/fotostudio-karl.de\/blog\/wp-content\/uploads\/2019\/03\/fotostudio-karl.gif","contentUrl":"http:\/\/fotostudio-karl.de\/blog\/wp-content\/uploads\/2019\/03\/fotostudio-karl.gif","width":791,"height":791,"caption":"fotostudio karl GmbH"},"image":{"@id":"http:\/\/fotostudio-karl.de\/blog\/#\/schema\/logo\/image\/"},"sameAs":["https:\/\/www.facebook.com\/Fotostudio-Karl-GmbH-100206283391338\/","https:\/\/www.instagram.com\/fotostudio_karl\/"]}]}},"_links":{"self":[{"href":"http:\/\/fotostudio-karl.de\/blog\/index.php\/wp-json\/wp\/v2\/pages\/112","targetHints":{"allow":["GET"]}}],"collection":[{"href":"http:\/\/fotostudio-karl.de\/blog\/index.php\/wp-json\/wp\/v2\/pages"}],"about":[{"href":"http:\/\/fotostudio-karl.de\/blog\/index.php\/wp-json\/wp\/v2\/types\/page"}],"author":[{"embeddable":true,"href":"http:\/\/fotostudio-karl.de\/blog\/index.php\/wp-json\/wp\/v2\/users\/1"}],"replies":[{"embeddable":true,"href":"http:\/\/fotostudio-karl.de\/blog\/index.php\/wp-json\/wp\/v2\/comments?post=112"}],"version-history":[{"count":9,"href":"http:\/\/fotostudio-karl.de\/blog\/index.php\/wp-json\/wp\/v2\/pages\/112\/revisions"}],"predecessor-version":[{"id":1847,"href":"http:\/\/fotostudio-karl.de\/blog\/index.php\/wp-json\/wp\/v2\/pages\/112\/revisions\/1847"}],"wp:attachment":[{"href":"http:\/\/fotostudio-karl.de\/blog\/index.php\/wp-json\/wp\/v2\/media?parent=112"}],"curies":[{"name":"wp","href":"https:\/\/api.w.org\/{rel}","templated":true}]}}