{"id":104,"date":"2019-03-22T20:18:51","date_gmt":"2019-03-22T19:18:51","guid":{"rendered":"http:\/\/fotostudio-karl.de\/blog\/?page_id=104"},"modified":"2024-10-31T10:57:43","modified_gmt":"2024-10-31T09:57:43","slug":"location-shoot","status":"publish","type":"page","link":"http:\/\/fotostudio-karl.de\/blog\/index.php\/location-shoot\/","title":{"rendered":"Location Shoot"},"content":{"rendered":"\n<figure class=\"wp-block-pullquote\"><blockquote><p>Ein ganz neue Art des Fotografierens: individuell.<\/p><cite>Wir zeigen euch einfach wie ihr seid.<\/cite><\/blockquote><\/figure>\n\n\n\nngg_shortcode_0_placeholder\n\n\n\n<div style=\"height:100px\" aria-hidden=\"true\" class=\"wp-block-spacer\"><\/div>\n\n\n\n<p class=\"has-medium-font-size\">Wir kommen zu euch nach Hause, gehen mit euch in eure lieblings-Eisdiele, ins Schwimmbad, in den Wald oder ins Kino, wohin ihr m\u00f6gt und zeigen euch so wie ihr seid. Verliebt, ausgelassen, vertr\u00e4umt, bekleckert, nass, verweht, tierlieb, sportlich, und entspannt. Welcher Ort gibt euch am besten wieder?<\/p>\n\n\n\n<p class=\"has-white-color has-text-color has-link-color wp-elements-4a2b5186dd6d59f3a6df4d02a681b6a2\"><a href=\"http:\/\/fotostudio-karl.de\/blog\/index.php\/fotobox\/\">Hier geht&#8217;s zu unserer Fotobox mit Spa\u00dfgarantie<\/a>. <\/p>\n<p><a href=\"\/\/www.pinterest.com\/pin\/create\/button\/\" data-pin-do=\"buttonBookmark\" data-pin-color=\"red\" data-pin-height=\"128\"><img decoding=\"async\" src=\"\/\/assets.pinterest.com\/images\/pidgets\/pinit_fg_en_rect_red_28.png\" \/><\/a><\/p>","protected":false},"excerpt":{"rendered":"<p>Ein ganz neue Art des Fotografierens: individuell. Wir zeigen euch einfach wie ihr seid. Wir kommen zu euch nach Hause, gehen mit euch in eure lieblings-Eisdiele, ins Schwimmbad, in den Wald oder ins Kino, wohin ihr m\u00f6gt und zeigen euch so wie ihr seid. Verliebt, ausgelassen, vertr\u00e4umt, bekleckert, nass, verweht, tierlieb, sportlich, und entspannt. Welcher&#8230;<\/p>\n","protected":false},"author":1,"featured_media":0,"parent":0,"menu_order":0,"comment_status":"closed","ping_status":"closed","template":"","meta":{"ngg_post_thumbnail":0,"footnotes":""},"class_list":["post-104","page","type-page","status-publish","hentry"],"yoast_head":"<!-- This site is optimized with the Yoast SEO plugin v21.9.1 - https:\/\/yoast.com\/wordpress\/plugins\/seo\/ -->\n<title>Location Shoot - fotostudio karl<\/title>\n<meta name=\"description\" content=\"Euer Foto-Allrounder in Limburg an der Lahn. Ihr findet uns auf Hochzeiten, Abi-B\u00e4llen, in Kinderg\u00e4rten und Schulen, Tanzschulen, im Portraitstudio oder auf der Apfelwiese, im Passbildstudio in Limburg in der Grabenstrasse, im Portraitstudio in Offheim und an der Location eurer Wahl. Wir bringen euch unsere Fotobox mit Spa\u00dfgarantie, oder fotografieren euer Produkt, Firma, Ger\u00e4t oder Auto vor Ort oder im gro\u00dfen Werbestudio in Offheim.\" \/>\n<meta name=\"robots\" content=\"index, follow, max-snippet:-1, max-image-preview:large, max-video-preview:-1\" \/>\n<link rel=\"canonical\" href=\"http:\/\/fotostudio-karl.de\/blog\/index.php\/location-shoot\/\" \/>\n<meta property=\"og:locale\" content=\"de_DE\" \/>\n<meta property=\"og:type\" content=\"article\" \/>\n<meta property=\"og:title\" content=\"Location Shoot - fotostudio karl\" \/>\n<meta property=\"og:description\" content=\"Euer Foto-Allrounder in Limburg an der Lahn. Ihr findet uns auf Hochzeiten, Abi-B\u00e4llen, in Kinderg\u00e4rten und Schulen, Tanzschulen, im Portraitstudio oder auf der Apfelwiese, im Passbildstudio in Limburg in der Grabenstrasse, im Portraitstudio in Offheim und an der Location eurer Wahl. Wir bringen euch unsere Fotobox mit Spa\u00dfgarantie, oder fotografieren euer Produkt, Firma, Ger\u00e4t oder Auto vor Ort oder im gro\u00dfen Werbestudio in Offheim.\" \/>\n<meta property=\"og:url\" content=\"http:\/\/fotostudio-karl.de\/blog\/index.php\/location-shoot\/\" \/>\n<meta property=\"og:site_name\" content=\"fotostudio karl\" \/>\n<meta property=\"article:publisher\" content=\"https:\/\/www.facebook.com\/Fotostudio-Karl-GmbH-100206283391338\/\" \/>\n<meta property=\"article:modified_time\" content=\"2024-10-31T09:57:43+00:00\" \/>\n<meta name=\"twitter:card\" content=\"summary_large_image\" \/>\n<meta name=\"twitter:label1\" content=\"Gesch\u00e4tzte Lesezeit\" \/>\n\t<meta name=\"twitter:data1\" content=\"1\u00a0Minute\" \/>\n<script type=\"application\/ld+json\" class=\"yoast-schema-graph\">{\"@context\":\"https:\/\/schema.org\",\"@graph\":[{\"@type\":\"WebPage\",\"@id\":\"http:\/\/fotostudio-karl.de\/blog\/index.php\/location-shoot\/\",\"url\":\"http:\/\/fotostudio-karl.de\/blog\/index.php\/location-shoot\/\",\"name\":\"Location Shoot - fotostudio karl\",\"isPartOf\":{\"@id\":\"http:\/\/fotostudio-karl.de\/blog\/#website\"},\"datePublished\":\"2019-03-22T19:18:51+00:00\",\"dateModified\":\"2024-10-31T09:57:43+00:00\",\"description\":\"Euer Foto-Allrounder in Limburg an der Lahn. Ihr findet uns auf Hochzeiten, Abi-B\u00e4llen, in Kinderg\u00e4rten und Schulen, Tanzschulen, im Portraitstudio oder auf der Apfelwiese, im Passbildstudio in Limburg in der Grabenstrasse, im Portraitstudio in Offheim und an der Location eurer Wahl. Wir bringen euch unsere Fotobox mit Spa\u00dfgarantie, oder fotografieren euer Produkt, Firma, Ger\u00e4t oder Auto vor Ort oder im gro\u00dfen Werbestudio in Offheim.\",\"breadcrumb\":{\"@id\":\"http:\/\/fotostudio-karl.de\/blog\/index.php\/location-shoot\/#breadcrumb\"},\"inLanguage\":\"de\",\"potentialAction\":[{\"@type\":\"ReadAction\",\"target\":[\"http:\/\/fotostudio-karl.de\/blog\/index.php\/location-shoot\/\"]}]},{\"@type\":\"BreadcrumbList\",\"@id\":\"http:\/\/fotostudio-karl.de\/blog\/index.php\/location-shoot\/#breadcrumb\",\"itemListElement\":[{\"@type\":\"ListItem\",\"position\":1,\"name\":\"Startseite\",\"item\":\"http:\/\/fotostudio-karl.de\/blog\/\"},{\"@type\":\"ListItem\",\"position\":2,\"name\":\"Location Shoot\"}]},{\"@type\":\"WebSite\",\"@id\":\"http:\/\/fotostudio-karl.de\/blog\/#website\",\"url\":\"http:\/\/fotostudio-karl.de\/blog\/\",\"name\":\"fotostudio karl\",\"description\":\"Limburgs Foto-Allrounder\",\"publisher\":{\"@id\":\"http:\/\/fotostudio-karl.de\/blog\/#organization\"},\"potentialAction\":[{\"@type\":\"SearchAction\",\"target\":{\"@type\":\"EntryPoint\",\"urlTemplate\":\"http:\/\/fotostudio-karl.de\/blog\/?s={search_term_string}\"},\"query-input\":\"required name=search_term_string\"}],\"inLanguage\":\"de\"},{\"@type\":\"Organization\",\"@id\":\"http:\/\/fotostudio-karl.de\/blog\/#organization\",\"name\":\"fotostudio karl GmbH\",\"url\":\"http:\/\/fotostudio-karl.de\/blog\/\",\"logo\":{\"@type\":\"ImageObject\",\"inLanguage\":\"de\",\"@id\":\"http:\/\/fotostudio-karl.de\/blog\/#\/schema\/logo\/image\/\",\"url\":\"http:\/\/fotostudio-karl.de\/blog\/wp-content\/uploads\/2019\/03\/fotostudio-karl.gif\",\"contentUrl\":\"http:\/\/fotostudio-karl.de\/blog\/wp-content\/uploads\/2019\/03\/fotostudio-karl.gif\",\"width\":791,\"height\":791,\"caption\":\"fotostudio karl GmbH\"},\"image\":{\"@id\":\"http:\/\/fotostudio-karl.de\/blog\/#\/schema\/logo\/image\/\"},\"sameAs\":[\"https:\/\/www.facebook.com\/Fotostudio-Karl-GmbH-100206283391338\/\",\"https:\/\/www.instagram.com\/fotostudio_karl\/\"]}]}<\/script>\n<!-- \/ Yoast SEO plugin. -->","yoast_head_json":{"title":"Location Shoot - fotostudio karl","description":"Euer Foto-Allrounder in Limburg an der Lahn. Ihr findet uns auf Hochzeiten, Abi-B\u00e4llen, in Kinderg\u00e4rten und Schulen, Tanzschulen, im Portraitstudio oder auf der Apfelwiese, im Passbildstudio in Limburg in der Grabenstrasse, im Portraitstudio in Offheim und an der Location eurer Wahl. Wir bringen euch unsere Fotobox mit Spa\u00dfgarantie, oder fotografieren euer Produkt, Firma, Ger\u00e4t oder Auto vor Ort oder im gro\u00dfen Werbestudio in Offheim.","robots":{"index":"index","follow":"follow","max-snippet":"max-snippet:-1","max-image-preview":"max-image-preview:large","max-video-preview":"max-video-preview:-1"},"canonical":"http:\/\/fotostudio-karl.de\/blog\/index.php\/location-shoot\/","og_locale":"de_DE","og_type":"article","og_title":"Location Shoot - fotostudio karl","og_description":"Euer Foto-Allrounder in Limburg an der Lahn. Ihr findet uns auf Hochzeiten, Abi-B\u00e4llen, in Kinderg\u00e4rten und Schulen, Tanzschulen, im Portraitstudio oder auf der Apfelwiese, im Passbildstudio in Limburg in der Grabenstrasse, im Portraitstudio in Offheim und an der Location eurer Wahl. Wir bringen euch unsere Fotobox mit Spa\u00dfgarantie, oder fotografieren euer Produkt, Firma, Ger\u00e4t oder Auto vor Ort oder im gro\u00dfen Werbestudio in Offheim.","og_url":"http:\/\/fotostudio-karl.de\/blog\/index.php\/location-shoot\/","og_site_name":"fotostudio karl","article_publisher":"https:\/\/www.facebook.com\/Fotostudio-Karl-GmbH-100206283391338\/","article_modified_time":"2024-10-31T09:57:43+00:00","twitter_card":"summary_large_image","twitter_misc":{"Gesch\u00e4tzte Lesezeit":"1\u00a0Minute"},"schema":{"@context":"https:\/\/schema.org","@graph":[{"@type":"WebPage","@id":"http:\/\/fotostudio-karl.de\/blog\/index.php\/location-shoot\/","url":"http:\/\/fotostudio-karl.de\/blog\/index.php\/location-shoot\/","name":"Location Shoot - fotostudio karl","isPartOf":{"@id":"http:\/\/fotostudio-karl.de\/blog\/#website"},"datePublished":"2019-03-22T19:18:51+00:00","dateModified":"2024-10-31T09:57:43+00:00","description":"Euer Foto-Allrounder in Limburg an der Lahn. Ihr findet uns auf Hochzeiten, Abi-B\u00e4llen, in Kinderg\u00e4rten und Schulen, Tanzschulen, im Portraitstudio oder auf der Apfelwiese, im Passbildstudio in Limburg in der Grabenstrasse, im Portraitstudio in Offheim und an der Location eurer Wahl. Wir bringen euch unsere Fotobox mit Spa\u00dfgarantie, oder fotografieren euer Produkt, Firma, Ger\u00e4t oder Auto vor Ort oder im gro\u00dfen Werbestudio in Offheim.","breadcrumb":{"@id":"http:\/\/fotostudio-karl.de\/blog\/index.php\/location-shoot\/#breadcrumb"},"inLanguage":"de","potentialAction":[{"@type":"ReadAction","target":["http:\/\/fotostudio-karl.de\/blog\/index.php\/location-shoot\/"]}]},{"@type":"BreadcrumbList","@id":"http:\/\/fotostudio-karl.de\/blog\/index.php\/location-shoot\/#breadcrumb","itemListElement":[{"@type":"ListItem","position":1,"name":"Startseite","item":"http:\/\/fotostudio-karl.de\/blog\/"},{"@type":"ListItem","position":2,"name":"Location Shoot"}]},{"@type":"WebSite","@id":"http:\/\/fotostudio-karl.de\/blog\/#website","url":"http:\/\/fotostudio-karl.de\/blog\/","name":"fotostudio karl","description":"Limburgs Foto-Allrounder","publisher":{"@id":"http:\/\/fotostudio-karl.de\/blog\/#organization"},"potentialAction":[{"@type":"SearchAction","target":{"@type":"EntryPoint","urlTemplate":"http:\/\/fotostudio-karl.de\/blog\/?s={search_term_string}"},"query-input":"required name=search_term_string"}],"inLanguage":"de"},{"@type":"Organization","@id":"http:\/\/fotostudio-karl.de\/blog\/#organization","name":"fotostudio karl GmbH","url":"http:\/\/fotostudio-karl.de\/blog\/","logo":{"@type":"ImageObject","inLanguage":"de","@id":"http:\/\/fotostudio-karl.de\/blog\/#\/schema\/logo\/image\/","url":"http:\/\/fotostudio-karl.de\/blog\/wp-content\/uploads\/2019\/03\/fotostudio-karl.gif","contentUrl":"http:\/\/fotostudio-karl.de\/blog\/wp-content\/uploads\/2019\/03\/fotostudio-karl.gif","width":791,"height":791,"caption":"fotostudio karl GmbH"},"image":{"@id":"http:\/\/fotostudio-karl.de\/blog\/#\/schema\/logo\/image\/"},"sameAs":["https:\/\/www.facebook.com\/Fotostudio-Karl-GmbH-100206283391338\/","https:\/\/www.instagram.com\/fotostudio_karl\/"]}]}},"_links":{"self":[{"href":"http:\/\/fotostudio-karl.de\/blog\/index.php\/wp-json\/wp\/v2\/pages\/104","targetHints":{"allow":["GET"]}}],"collection":[{"href":"http:\/\/fotostudio-karl.de\/blog\/index.php\/wp-json\/wp\/v2\/pages"}],"about":[{"href":"http:\/\/fotostudio-karl.de\/blog\/index.php\/wp-json\/wp\/v2\/types\/page"}],"author":[{"embeddable":true,"href":"http:\/\/fotostudio-karl.de\/blog\/index.php\/wp-json\/wp\/v2\/users\/1"}],"replies":[{"embeddable":true,"href":"http:\/\/fotostudio-karl.de\/blog\/index.php\/wp-json\/wp\/v2\/comments?post=104"}],"version-history":[{"count":11,"href":"http:\/\/fotostudio-karl.de\/blog\/index.php\/wp-json\/wp\/v2\/pages\/104\/revisions"}],"predecessor-version":[{"id":1838,"href":"http:\/\/fotostudio-karl.de\/blog\/index.php\/wp-json\/wp\/v2\/pages\/104\/revisions\/1838"}],"wp:attachment":[{"href":"http:\/\/fotostudio-karl.de\/blog\/index.php\/wp-json\/wp\/v2\/media?parent=104"}],"curies":[{"name":"wp","href":"https:\/\/api.w.org\/{rel}","templated":true}]}}