{"id":100,"date":"2019-03-22T20:18:14","date_gmt":"2019-03-22T19:18:14","guid":{"rendered":"http:\/\/fotostudio-karl.de\/blog\/?page_id=100"},"modified":"2019-06-28T17:01:05","modified_gmt":"2019-06-28T15:01:05","slug":"fotobox","status":"publish","type":"page","link":"http:\/\/fotostudio-karl.de\/blog\/index.php\/fotobox\/","title":{"rendered":"Fotobox"},"content":{"rendered":"\n<div class=\"wp-block-image\"><figure class=\"aligncenter\"><img loading=\"lazy\" decoding=\"async\" width=\"607\" height=\"1024\" src=\"http:\/\/fotostudio-karl.de\/blog\/wp-content\/uploads\/2019\/04\/layout-607x1024.jpg\" alt=\"\" class=\"wp-image-982\" srcset=\"http:\/\/fotostudio-karl.de\/blog\/wp-content\/uploads\/2019\/04\/layout-607x1024.jpg 607w, http:\/\/fotostudio-karl.de\/blog\/wp-content\/uploads\/2019\/04\/layout-178x300.jpg 178w, http:\/\/fotostudio-karl.de\/blog\/wp-content\/uploads\/2019\/04\/layout-768x1296.jpg 768w, http:\/\/fotostudio-karl.de\/blog\/wp-content\/uploads\/2019\/04\/layout.jpg 1600w\" sizes=\"auto, (max-width: 607px) 100vw, 607px\" \/><\/figure><\/div>\n\n\n\n<p>Wir bieten dir das Fotobox rundum-sorglos-Paket:<\/p>\n\n\n\n<ul class=\"wp-block-list\"><li>Fotobox<\/li><li>mit optionalem Sofortdruck<\/li><li>Einweisung<\/li><li>Auf- und Abbau- Service<\/li><li>Versicherung <\/li><li>Fun Package mit Brillen, B\u00e4rten und Co.<\/li><li>optionalem Hintergrund<\/li><li>optionaler individueller Rahmengestaltung <\/li><li>optionalem QR-Code zum Datei- Direktdownload<\/li><li>optionaler pers\u00f6nlicher Betreuung and der Box<\/li><\/ul>\n\n\n\n<div style=\"height:100px\" aria-hidden=\"true\" class=\"wp-block-spacer\"><\/div>\n\n\n\n<p>Lass dich von uns beraten was am besten zu deiner Veranstaltung passt und wir schn\u00fcren dir das passende Paket.<\/p>\n<p><a href=\"\/\/www.pinterest.com\/pin\/create\/button\/\" data-pin-do=\"buttonBookmark\" data-pin-color=\"red\" data-pin-height=\"128\"><img decoding=\"async\" src=\"\/\/assets.pinterest.com\/images\/pidgets\/pinit_fg_en_rect_red_28.png\" \/><\/a><\/p>","protected":false},"excerpt":{"rendered":"<p>Wir bieten dir das Fotobox rundum-sorglos-Paket: Fotobox mit optionalem Sofortdruck Einweisung Auf- und Abbau- Service Versicherung Fun Package mit Brillen, B\u00e4rten und Co. optionalem Hintergrund optionaler individueller Rahmengestaltung optionalem QR-Code zum Datei- Direktdownload optionaler pers\u00f6nlicher Betreuung and der Box Lass dich von uns beraten was am besten zu deiner Veranstaltung passt und wir schn\u00fcren dir&#8230;<\/p>\n","protected":false},"author":1,"featured_media":0,"parent":0,"menu_order":0,"comment_status":"closed","ping_status":"closed","template":"","meta":{"ngg_post_thumbnail":0,"footnotes":""},"class_list":["post-100","page","type-page","status-publish","hentry"],"yoast_head":"<!-- This site is optimized with the Yoast SEO plugin v21.9.1 - https:\/\/yoast.com\/wordpress\/plugins\/seo\/ -->\n<title>Fotobox - fotostudio karl<\/title>\n<meta name=\"description\" content=\"Die Fotobox mit Spassgarantie bringt Action in eure Veranstaltung. F\u00fcr eure G\u00e4ste ein wunderbares Give-Away, h\u00e4lt sie unvergessliches f\u00fcr euch fest.\" \/>\n<meta name=\"robots\" content=\"index, follow, max-snippet:-1, max-image-preview:large, max-video-preview:-1\" \/>\n<link rel=\"canonical\" href=\"http:\/\/fotostudio-karl.de\/blog\/index.php\/fotobox\/\" \/>\n<meta property=\"og:locale\" content=\"de_DE\" \/>\n<meta property=\"og:type\" content=\"article\" \/>\n<meta property=\"og:title\" content=\"Fotobox - fotostudio karl\" \/>\n<meta property=\"og:description\" content=\"Die Fotobox mit Spassgarantie bringt Action in eure Veranstaltung. F\u00fcr eure G\u00e4ste ein wunderbares Give-Away, h\u00e4lt sie unvergessliches f\u00fcr euch fest.\" \/>\n<meta property=\"og:url\" content=\"http:\/\/fotostudio-karl.de\/blog\/index.php\/fotobox\/\" \/>\n<meta property=\"og:site_name\" content=\"fotostudio karl\" \/>\n<meta property=\"article:publisher\" content=\"https:\/\/www.facebook.com\/Fotostudio-Karl-GmbH-100206283391338\/\" \/>\n<meta property=\"article:modified_time\" content=\"2019-06-28T15:01:05+00:00\" \/>\n<meta property=\"og:image\" content=\"http:\/\/fotostudio-karl.de\/blog\/wp-content\/uploads\/2019\/04\/layout-607x1024.jpg\" \/>\n<meta name=\"twitter:card\" content=\"summary_large_image\" \/>\n<script type=\"application\/ld+json\" class=\"yoast-schema-graph\">{\"@context\":\"https:\/\/schema.org\",\"@graph\":[{\"@type\":\"WebPage\",\"@id\":\"http:\/\/fotostudio-karl.de\/blog\/index.php\/fotobox\/\",\"url\":\"http:\/\/fotostudio-karl.de\/blog\/index.php\/fotobox\/\",\"name\":\"Fotobox - fotostudio karl\",\"isPartOf\":{\"@id\":\"http:\/\/fotostudio-karl.de\/blog\/#website\"},\"datePublished\":\"2019-03-22T19:18:14+00:00\",\"dateModified\":\"2019-06-28T15:01:05+00:00\",\"description\":\"Die Fotobox mit Spassgarantie bringt Action in eure Veranstaltung. F\u00fcr eure G\u00e4ste ein wunderbares Give-Away, h\u00e4lt sie unvergessliches f\u00fcr euch fest.\",\"breadcrumb\":{\"@id\":\"http:\/\/fotostudio-karl.de\/blog\/index.php\/fotobox\/#breadcrumb\"},\"inLanguage\":\"de\",\"potentialAction\":[{\"@type\":\"ReadAction\",\"target\":[\"http:\/\/fotostudio-karl.de\/blog\/index.php\/fotobox\/\"]}]},{\"@type\":\"BreadcrumbList\",\"@id\":\"http:\/\/fotostudio-karl.de\/blog\/index.php\/fotobox\/#breadcrumb\",\"itemListElement\":[{\"@type\":\"ListItem\",\"position\":1,\"name\":\"Startseite\",\"item\":\"http:\/\/fotostudio-karl.de\/blog\/\"},{\"@type\":\"ListItem\",\"position\":2,\"name\":\"Fotobox\"}]},{\"@type\":\"WebSite\",\"@id\":\"http:\/\/fotostudio-karl.de\/blog\/#website\",\"url\":\"http:\/\/fotostudio-karl.de\/blog\/\",\"name\":\"fotostudio karl\",\"description\":\"Limburgs Foto-Allrounder\",\"publisher\":{\"@id\":\"http:\/\/fotostudio-karl.de\/blog\/#organization\"},\"potentialAction\":[{\"@type\":\"SearchAction\",\"target\":{\"@type\":\"EntryPoint\",\"urlTemplate\":\"http:\/\/fotostudio-karl.de\/blog\/?s={search_term_string}\"},\"query-input\":\"required name=search_term_string\"}],\"inLanguage\":\"de\"},{\"@type\":\"Organization\",\"@id\":\"http:\/\/fotostudio-karl.de\/blog\/#organization\",\"name\":\"fotostudio karl GmbH\",\"url\":\"http:\/\/fotostudio-karl.de\/blog\/\",\"logo\":{\"@type\":\"ImageObject\",\"inLanguage\":\"de\",\"@id\":\"http:\/\/fotostudio-karl.de\/blog\/#\/schema\/logo\/image\/\",\"url\":\"http:\/\/fotostudio-karl.de\/blog\/wp-content\/uploads\/2019\/03\/fotostudio-karl.gif\",\"contentUrl\":\"http:\/\/fotostudio-karl.de\/blog\/wp-content\/uploads\/2019\/03\/fotostudio-karl.gif\",\"width\":791,\"height\":791,\"caption\":\"fotostudio karl GmbH\"},\"image\":{\"@id\":\"http:\/\/fotostudio-karl.de\/blog\/#\/schema\/logo\/image\/\"},\"sameAs\":[\"https:\/\/www.facebook.com\/Fotostudio-Karl-GmbH-100206283391338\/\",\"https:\/\/www.instagram.com\/fotostudio_karl\/\"]}]}<\/script>\n<!-- \/ Yoast SEO plugin. -->","yoast_head_json":{"title":"Fotobox - fotostudio karl","description":"Die Fotobox mit Spassgarantie bringt Action in eure Veranstaltung. F\u00fcr eure G\u00e4ste ein wunderbares Give-Away, h\u00e4lt sie unvergessliches f\u00fcr euch fest.","robots":{"index":"index","follow":"follow","max-snippet":"max-snippet:-1","max-image-preview":"max-image-preview:large","max-video-preview":"max-video-preview:-1"},"canonical":"http:\/\/fotostudio-karl.de\/blog\/index.php\/fotobox\/","og_locale":"de_DE","og_type":"article","og_title":"Fotobox - fotostudio karl","og_description":"Die Fotobox mit Spassgarantie bringt Action in eure Veranstaltung. F\u00fcr eure G\u00e4ste ein wunderbares Give-Away, h\u00e4lt sie unvergessliches f\u00fcr euch fest.","og_url":"http:\/\/fotostudio-karl.de\/blog\/index.php\/fotobox\/","og_site_name":"fotostudio karl","article_publisher":"https:\/\/www.facebook.com\/Fotostudio-Karl-GmbH-100206283391338\/","article_modified_time":"2019-06-28T15:01:05+00:00","og_image":[{"url":"http:\/\/fotostudio-karl.de\/blog\/wp-content\/uploads\/2019\/04\/layout-607x1024.jpg"}],"twitter_card":"summary_large_image","schema":{"@context":"https:\/\/schema.org","@graph":[{"@type":"WebPage","@id":"http:\/\/fotostudio-karl.de\/blog\/index.php\/fotobox\/","url":"http:\/\/fotostudio-karl.de\/blog\/index.php\/fotobox\/","name":"Fotobox - fotostudio karl","isPartOf":{"@id":"http:\/\/fotostudio-karl.de\/blog\/#website"},"datePublished":"2019-03-22T19:18:14+00:00","dateModified":"2019-06-28T15:01:05+00:00","description":"Die Fotobox mit Spassgarantie bringt Action in eure Veranstaltung. F\u00fcr eure G\u00e4ste ein wunderbares Give-Away, h\u00e4lt sie unvergessliches f\u00fcr euch fest.","breadcrumb":{"@id":"http:\/\/fotostudio-karl.de\/blog\/index.php\/fotobox\/#breadcrumb"},"inLanguage":"de","potentialAction":[{"@type":"ReadAction","target":["http:\/\/fotostudio-karl.de\/blog\/index.php\/fotobox\/"]}]},{"@type":"BreadcrumbList","@id":"http:\/\/fotostudio-karl.de\/blog\/index.php\/fotobox\/#breadcrumb","itemListElement":[{"@type":"ListItem","position":1,"name":"Startseite","item":"http:\/\/fotostudio-karl.de\/blog\/"},{"@type":"ListItem","position":2,"name":"Fotobox"}]},{"@type":"WebSite","@id":"http:\/\/fotostudio-karl.de\/blog\/#website","url":"http:\/\/fotostudio-karl.de\/blog\/","name":"fotostudio karl","description":"Limburgs Foto-Allrounder","publisher":{"@id":"http:\/\/fotostudio-karl.de\/blog\/#organization"},"potentialAction":[{"@type":"SearchAction","target":{"@type":"EntryPoint","urlTemplate":"http:\/\/fotostudio-karl.de\/blog\/?s={search_term_string}"},"query-input":"required name=search_term_string"}],"inLanguage":"de"},{"@type":"Organization","@id":"http:\/\/fotostudio-karl.de\/blog\/#organization","name":"fotostudio karl GmbH","url":"http:\/\/fotostudio-karl.de\/blog\/","logo":{"@type":"ImageObject","inLanguage":"de","@id":"http:\/\/fotostudio-karl.de\/blog\/#\/schema\/logo\/image\/","url":"http:\/\/fotostudio-karl.de\/blog\/wp-content\/uploads\/2019\/03\/fotostudio-karl.gif","contentUrl":"http:\/\/fotostudio-karl.de\/blog\/wp-content\/uploads\/2019\/03\/fotostudio-karl.gif","width":791,"height":791,"caption":"fotostudio karl GmbH"},"image":{"@id":"http:\/\/fotostudio-karl.de\/blog\/#\/schema\/logo\/image\/"},"sameAs":["https:\/\/www.facebook.com\/Fotostudio-Karl-GmbH-100206283391338\/","https:\/\/www.instagram.com\/fotostudio_karl\/"]}]}},"_links":{"self":[{"href":"http:\/\/fotostudio-karl.de\/blog\/index.php\/wp-json\/wp\/v2\/pages\/100","targetHints":{"allow":["GET"]}}],"collection":[{"href":"http:\/\/fotostudio-karl.de\/blog\/index.php\/wp-json\/wp\/v2\/pages"}],"about":[{"href":"http:\/\/fotostudio-karl.de\/blog\/index.php\/wp-json\/wp\/v2\/types\/page"}],"author":[{"embeddable":true,"href":"http:\/\/fotostudio-karl.de\/blog\/index.php\/wp-json\/wp\/v2\/users\/1"}],"replies":[{"embeddable":true,"href":"http:\/\/fotostudio-karl.de\/blog\/index.php\/wp-json\/wp\/v2\/comments?post=100"}],"version-history":[{"count":13,"href":"http:\/\/fotostudio-karl.de\/blog\/index.php\/wp-json\/wp\/v2\/pages\/100\/revisions"}],"predecessor-version":[{"id":987,"href":"http:\/\/fotostudio-karl.de\/blog\/index.php\/wp-json\/wp\/v2\/pages\/100\/revisions\/987"}],"wp:attachment":[{"href":"http:\/\/fotostudio-karl.de\/blog\/index.php\/wp-json\/wp\/v2\/media?parent=100"}],"curies":[{"name":"wp","href":"https:\/\/api.w.org\/{rel}","templated":true}]}}